{"id":1954,"date":"2022-11-26T16:30:49","date_gmt":"2022-11-26T16:30:49","guid":{"rendered":"https:\/\/produtorae.com.br\/?page_id=1954"},"modified":"2025-06-07T20:20:00","modified_gmt":"2025-06-07T23:20:00","slug":"home","status":"publish","type":"page","link":"https:\/\/produtorae.com.br\/en\/","title":{"rendered":"HOME"},"content":{"rendered":"<div data-elementor-type=\"wp-page\" data-elementor-id=\"1954\" class=\"elementor elementor-1954\">\n\t\t\t\t<div class=\"elementor-element elementor-element-fcbe37a e-flex e-con-boxed ob-is-container-extras e-con e-parent\" data-id=\"fcbe37a\" data-element_type=\"container\" data-settings=\"{&quot;_ob_use_container_extras&quot;:&quot;yes&quot;,&quot;background_background&quot;:&quot;slideshow&quot;,&quot;background_slideshow_gallery&quot;:[{&quot;id&quot;:4116,&quot;url&quot;:&quot;https:\\\/\\\/produtorae.com.br\\\/wp-content\\\/uploads\\\/2025\\\/06\\\/Frame-17-2.png&quot;}],&quot;position&quot;:&quot;fixed&quot;,&quot;background_slideshow_loop&quot;:&quot;yes&quot;,&quot;background_slideshow_slide_duration&quot;:5000,&quot;background_slideshow_slide_transition&quot;:&quot;fade&quot;,&quot;background_slideshow_transition_duration&quot;:500,&quot;_ob_column_hoveranimator&quot;:&quot;no&quot;,&quot;_ob_glider_is_slider&quot;:&quot;no&quot;,&quot;_ob_column_has_pseudo&quot;:&quot;no&quot;}\">\n\t\t\t\t\t<div class=\"e-con-inner\">\n\t\t\t\t\t<\/div>\n\t\t\t\t<\/div>\n\t\t<div class=\"elementor-element elementor-element-9e6abb7 e-flex e-con-boxed e-con e-parent\" data-id=\"9e6abb7\" data-element_type=\"container\" data-settings=\"{&quot;_ob_use_container_extras&quot;:&quot;no&quot;,&quot;_ob_column_hoveranimator&quot;:&quot;no&quot;,&quot;_ob_glider_is_slider&quot;:&quot;no&quot;,&quot;_ob_column_has_pseudo&quot;:&quot;no&quot;}\">\n\t\t\t\t\t<div class=\"e-con-inner\">\n\t\t\t\t\t\t<h2 class=\"e-bcaba83-26c66ad e-heading-base\">\n\t\t\tESPINHA\u00c7O\n\n\t\t<\/h2>\n\t\t\t\t\t<\/div>\n\t\t\t\t<\/div>\n\t\t<div class=\"elementor-element elementor-element-0e8c63f e-flex e-con-boxed e-con e-parent\" data-id=\"0e8c63f\" data-element_type=\"container\" data-settings=\"{&quot;_ob_use_container_extras&quot;:&quot;no&quot;,&quot;_ob_column_hoveranimator&quot;:&quot;no&quot;,&quot;_ob_glider_is_slider&quot;:&quot;no&quot;,&quot;_ob_column_has_pseudo&quot;:&quot;no&quot;}\">\n\t\t\t\t\t<div class=\"e-con-inner\">\n\t\t\t\t\t        <p class=\"e-1cbad23-3c53430 e-paragraph-base\">\n                            \n      es\u00b7pi\u00b7nha\u00b7\u00e7o \n                    <\/p>\n\t\t\t\t\t<\/div>\n\t\t\t\t<\/div>\n\t\t<div class=\"elementor-element elementor-element-a596082 e-flex e-con-boxed e-con e-parent\" data-id=\"a596082\" data-element_type=\"container\" data-settings=\"{&quot;_ob_use_container_extras&quot;:&quot;no&quot;,&quot;_ob_column_hoveranimator&quot;:&quot;no&quot;,&quot;_ob_glider_is_slider&quot;:&quot;no&quot;,&quot;_ob_column_has_pseudo&quot;:&quot;no&quot;}\">\n\t\t\t\t\t<div class=\"e-con-inner\">\n\t\t\t\t\t        <p class=\"e-031c8fb-97c771d e-paragraph-base\">\n                            BRAZILIAN DOCUMENTARY PRODUCTION POWERHOUSE CRAFTING MEANINGFUL CONTENT SINCE 2022\n                    <\/p>\n\t\t\t\t\t<\/div>\n\t\t\t\t<\/div>\n\t\t<div class=\"elementor-element elementor-element-aca3d43 e-flex e-con-boxed e-con e-parent\" data-id=\"aca3d43\" data-element_type=\"container\" data-settings=\"{&quot;_ob_use_container_extras&quot;:&quot;no&quot;,&quot;_ob_column_hoveranimator&quot;:&quot;no&quot;,&quot;_ob_glider_is_slider&quot;:&quot;no&quot;,&quot;_ob_column_has_pseudo&quot;:&quot;no&quot;}\">\n\t\t\t\t\t<div class=\"e-con-inner\">\n\t\t\t\t<div class=\"elementor-element elementor-element-fb3f4e9 jltma-glass-effect-yes ob-has-background-overlay elementor-widget elementor-widget-text-editor\" data-id=\"fb3f4e9\" data-element_type=\"widget\" data-settings=\"{&quot;_ob_postman_use&quot;:&quot;no&quot;,&quot;_ob_widget_stalker_use&quot;:&quot;no&quot;,&quot;_ob_poopart_use&quot;:&quot;yes&quot;,&quot;_ob_shadough_use&quot;:&quot;no&quot;,&quot;_ob_allow_hoveranimator&quot;:&quot;no&quot;}\" data-widget_type=\"text-editor.default\">\n\t\t\t\t<div class=\"elementor-widget-container\">\n\t\t\t\t\t\t\t\t\t<p>\u00a0<\/p><p>1\u00a0\u00a0a series of vertebrae extending from the skull to the back.<\/p><p>2 mountain top higher peaks; cliffs with sharpened edges.<\/p><p>3 Brazil\u2019s biggest mountain system.<\/p>\t\t\t\t\t\t\t\t<\/div>\n\t\t\t\t<\/div>\n\t\t\t\t\t<\/div>\n\t\t\t\t<\/div>\n\t\t<div class=\"elementor-element elementor-element-5a1fad5 e-flex e-con-boxed e-con e-parent\" data-id=\"5a1fad5\" data-element_type=\"container\" data-settings=\"{&quot;_ob_use_container_extras&quot;:&quot;no&quot;,&quot;_ob_column_hoveranimator&quot;:&quot;no&quot;,&quot;_ob_glider_is_slider&quot;:&quot;no&quot;,&quot;_ob_column_has_pseudo&quot;:&quot;no&quot;}\">\n\t\t\t\t\t<div class=\"e-con-inner\">\n\t\t<div class=\"elementor-element elementor-element-237b88d e-con-full e-flex e-con e-child\" data-id=\"237b88d\" data-element_type=\"container\" data-settings=\"{&quot;_ob_use_container_extras&quot;:&quot;no&quot;,&quot;_ob_column_hoveranimator&quot;:&quot;no&quot;,&quot;_ob_glider_is_slider&quot;:&quot;no&quot;,&quot;_ob_column_has_pseudo&quot;:&quot;no&quot;}\">\n\t\t\t\t<\/div>\n\t\t<div class=\"elementor-element elementor-element-3d5dccf e-con-full elementor-hidden-tablet elementor-hidden-mobile_extra elementor-hidden-mobile e-flex e-con e-child\" data-id=\"3d5dccf\" data-element_type=\"container\" data-settings=\"{&quot;_ob_use_container_extras&quot;:&quot;no&quot;,&quot;_ob_column_hoveranimator&quot;:&quot;no&quot;,&quot;_ob_glider_is_slider&quot;:&quot;no&quot;,&quot;_ob_column_has_pseudo&quot;:&quot;no&quot;}\">\n\t\t\t\t\t\t\t<img class=\"e-image-base e-2bfa02e-c032bc4\"\n\t\t\t\t\t\t\t\t\tsrc=\"https:\/\/produtorae.com.br\/wp-content\/uploads\/2025\/06\/Frame-300x71.png\"\n\t\t\t\t\t\t\t\t\t\t\t\twidth=\"300\"\n\t\t\t\t\t\t\t\t\t\t\t\theight=\"71\"\n\t\t\t\t\t\t\t\t\t\t\t\tsrcset=\"https:\/\/produtorae.com.br\/wp-content\/uploads\/2025\/06\/Frame-300x71.png 300w, https:\/\/produtorae.com.br\/wp-content\/uploads\/2025\/06\/Frame.png 625w\"\n\t\t\t\t\t\t\t\t\t\t\t\talt=\"\"\n\t\t\t\t\t\t\/>\n\t\t\t\t\t<\/div>\n\t\t<div class=\"elementor-element elementor-element-0c66f36 e-con-full elementor-hidden-desktop elementor-hidden-laptop e-flex e-con e-child\" data-id=\"0c66f36\" data-element_type=\"container\" data-settings=\"{&quot;_ob_use_container_extras&quot;:&quot;no&quot;,&quot;_ob_column_hoveranimator&quot;:&quot;no&quot;,&quot;_ob_glider_is_slider&quot;:&quot;no&quot;,&quot;_ob_column_has_pseudo&quot;:&quot;no&quot;}\">\n\t\t\t\t\t\t\t<img class=\"e-image-base e-e162f42-324aadb\"\n\t\t\t\t\t\t\t\t\tsrc=\"https:\/\/produtorae.com.br\/wp-content\/uploads\/2025\/06\/Frame-300x71.png\"\n\t\t\t\t\t\t\t\t\t\t\t\twidth=\"300\"\n\t\t\t\t\t\t\t\t\t\t\t\theight=\"71\"\n\t\t\t\t\t\t\t\t\t\t\t\tsrcset=\"https:\/\/produtorae.com.br\/wp-content\/uploads\/2025\/06\/Frame-300x71.png 300w, https:\/\/produtorae.com.br\/wp-content\/uploads\/2025\/06\/Frame.png 625w\"\n\t\t\t\t\t\t\t\t\t\t\t\talt=\"\"\n\t\t\t\t\t\t\/>\n\t\t\t\t\t<\/div>\n\t\t\t\t\t<\/div>\n\t\t\t\t<\/div>\n\t\t<div class=\"elementor-element elementor-element-a287ecf e-flex e-con-boxed e-con e-parent\" data-id=\"a287ecf\" data-element_type=\"container\" data-settings=\"{&quot;_ob_use_container_extras&quot;:&quot;no&quot;,&quot;_ob_column_hoveranimator&quot;:&quot;no&quot;,&quot;_ob_glider_is_slider&quot;:&quot;no&quot;,&quot;_ob_column_has_pseudo&quot;:&quot;no&quot;}\">\n\t\t\t\t\t<div class=\"e-con-inner\">\n\t\t\t\t<div class=\"elementor-element elementor-element-ef2b29e jltma-glass-effect-yes ob-has-background-overlay elementor-widget elementor-widget-text-editor\" data-id=\"ef2b29e\" data-element_type=\"widget\" data-settings=\"{&quot;_ob_postman_use&quot;:&quot;no&quot;,&quot;_ob_widget_stalker_use&quot;:&quot;no&quot;,&quot;_ob_poopart_use&quot;:&quot;yes&quot;,&quot;_ob_shadough_use&quot;:&quot;no&quot;,&quot;_ob_allow_hoveranimator&quot;:&quot;no&quot;}\" data-widget_type=\"text-editor.default\">\n\t\t\t\t<div class=\"elementor-widget-container\">\n\t\t\t\t\t\t\t\t\t<p>Criada em 2022 e sediada em S\u00e3o Paulo, Espinha\u00e7o \u00e9 uma produtora audiovisual independente voltada para a produ\u00e7\u00e3o de conte\u00fados de impacto, com relev\u00e2ncia e responsabilidade social. A Produtora lan\u00e7ou seu primeiro longa-metragem, Chico Curi\u00f3: Voc\u00eas Fazem Parte do Meu Show em 2023, na 25a Mostra de Tiradentes. O filme tamb\u00e9m foi selecionado para o 16\u00ba Vis\u00f5es Perif\u00e9ricas e fez parte das mostras competitivas do 1\u00ba Cine Goya(ARG) e do 22\u00ba FENAVID (BOL). Foi exibido no ICPlay e contemplado com o Pr\u00eamio de Exibi\u00e7\u00e3o da EMC 2024. Ser\u00e1 transmitido em TV aberta, em 2025. Em 2022, lan\u00e7ou o curta Sebasti\u00e3o, Lampi\u00e3o, sele\u00e7\u00e3o oficial do 3\u00ba FAC. Em 2023, lan\u00e7ou o curta Terra do Rocambole, premiado no FEC 03\/2021 (Secult MG). Em 2024, foi contemplado com o Pr\u00eamio de Produ\u00e7\u00e3o da Lei Paulo Gustavo (Edital 02\/2023), para a produ\u00e7\u00e3o da primeira temporada de &#8220;Pessoas Compartilham Desejos&#8221; (6 epis\u00f3dios de 25 minutos, em produ\u00e7\u00e3o). <\/p>\t\t\t\t\t\t\t\t<\/div>\n\t\t\t\t<\/div>\n\t\t\t\t<div class=\"elementor-element elementor-element-8cc6a7a jltma-glass-effect-yes ob-has-background-overlay elementor-widget elementor-widget-text-editor\" data-id=\"8cc6a7a\" data-element_type=\"widget\" data-settings=\"{&quot;_ob_postman_use&quot;:&quot;no&quot;,&quot;_ob_widget_stalker_use&quot;:&quot;no&quot;,&quot;_ob_poopart_use&quot;:&quot;yes&quot;,&quot;_ob_shadough_use&quot;:&quot;no&quot;,&quot;_ob_allow_hoveranimator&quot;:&quot;no&quot;}\" data-widget_type=\"text-editor.default\">\n\t\t\t\t<div class=\"elementor-widget-container\">\n\t\t\t\t\t\t\t\t\t<p>S\u00c3O PAULO, MINAS GERAIS, RIO DE JANEIRO, BRASIL.<\/p>\t\t\t\t\t\t\t\t<\/div>\n\t\t\t\t<\/div>\n\t\t\t\t\t<\/div>\n\t\t\t\t<\/div>\n\t\t<div class=\"elementor-element elementor-element-0dc0783 e-grid e-con-boxed e-con e-parent\" data-id=\"0dc0783\" data-element_type=\"container\" data-settings=\"{&quot;_ob_use_container_extras&quot;:&quot;no&quot;,&quot;_ob_column_hoveranimator&quot;:&quot;no&quot;,&quot;_ob_glider_is_slider&quot;:&quot;no&quot;,&quot;_ob_column_has_pseudo&quot;:&quot;no&quot;}\">\n\t\t\t\t\t<div class=\"e-con-inner\">\n\t\t\t\t\t<\/div>\n\t\t\t\t<\/div>\n\t\t\t\t<\/div>","protected":false},"excerpt":{"rendered":"<p>ESPINHA\u00c7O es\u00b7pi\u00b7nha\u00b7\u00e7o PRODUTORA AUDIOVISUAL, CRIANDO CONTE\u00daDO DE IMPACTO DESDE 2022. \u00a0 1\u00a0 espinha dorsal ou coluna vertebral. 2 denomina\u00e7\u00e3o dada \u00e0s partes mais altas das serras, formadas por penhascos de arestas vivas. 3 a maior cadeia montanhosa do Brasil. Criada em 2022 e sediada em S\u00e3o Paulo, Espinha\u00e7o \u00e9 uma produtora audiovisual independente voltada para [&hellip;]<\/p>","protected":false},"author":1,"featured_media":0,"parent":0,"menu_order":0,"comment_status":"closed","ping_status":"closed","template":"elementor_header_footer","meta":{"footnotes":""},"class_list":["post-1954","page","type-page","status-publish","hentry"],"_links":{"self":[{"href":"https:\/\/produtorae.com.br\/en\/wp-json\/wp\/v2\/pages\/1954","targetHints":{"allow":["GET"]}}],"collection":[{"href":"https:\/\/produtorae.com.br\/en\/wp-json\/wp\/v2\/pages"}],"about":[{"href":"https:\/\/produtorae.com.br\/en\/wp-json\/wp\/v2\/types\/page"}],"author":[{"embeddable":true,"href":"https:\/\/produtorae.com.br\/en\/wp-json\/wp\/v2\/users\/1"}],"replies":[{"embeddable":true,"href":"https:\/\/produtorae.com.br\/en\/wp-json\/wp\/v2\/comments?post=1954"}],"version-history":[{"count":503,"href":"https:\/\/produtorae.com.br\/en\/wp-json\/wp\/v2\/pages\/1954\/revisions"}],"predecessor-version":[{"id":4370,"href":"https:\/\/produtorae.com.br\/en\/wp-json\/wp\/v2\/pages\/1954\/revisions\/4370"}],"wp:attachment":[{"href":"https:\/\/produtorae.com.br\/en\/wp-json\/wp\/v2\/media?parent=1954"}],"curies":[{"name":"wp","href":"https:\/\/api.w.org\/{rel}","templated":true}]}}